{"id":75,"date":"2016-06-14T06:36:54","date_gmt":"2016-06-14T06:36:54","guid":{"rendered":"http:\/\/sw-themes.com\/porto_dummy\/?page_id=75"},"modified":"2025-06-13T13:11:39","modified_gmt":"2025-06-13T11:11:39","slug":"contact-us","status":"publish","type":"page","link":"https:\/\/terasman.ee\/en\/contact-us\/","title":{"rendered":"Contact"},"content":{"rendered":"<p>[vc_row wrap_container=&#8221;yes&#8221; el_class=&#8221;mt-3 pt-3&#8243; el_id=&#8221;contact-page-padding&#8221;][vc_column width=&#8221;1\/2&#8243;][vc_custom_heading text=&#8221;Management&#8221; use_theme_fonts=&#8221;yes&#8221; el_class=&#8221;mt-4&#8243;]<div class=\"porto-members porto-memberse0845069129f4e99f8ffd756e0a8bf18 wpb_content_element \">\n\t<div class=\"page-members clearfix \">\n\n\t\t\n\t\t\n\t\t\t\t\t<div class=\"member-row row ccols-md-2 ccols-1\">\n\t\t\t\n\t\t<article class=\"member office_management_tallinn post-3927 type-member status-publish has-post-thumbnail hentry member_cat-office_management_tallinn\">\n\t\t\t<span class=\"entry-title\" style=\"display: none;\">Aivar Koplimets<\/span><span class=\"vcard\" style=\"display: none;\"><span class=\"fn\"><a href=\"https:\/\/terasman.ee\/en\/author\/iweb\/\" title=\"Posts by iWeb\" rel=\"author\">iWeb<\/a><\/span><\/span><span class=\"updated\" style=\"display:none\">2020-08-28T08:08:18+02:00<\/span>\t\t\t<div class=\"member-item  member-item-3\">\n\t\t\t\t<span class=\"thumb-info thumb-info-hide-wrapper-bg\">\n\n\t\t\t\t\t<span class=\"thumb-info-wrapper \">\n\t\t\t\t\t\t\t\t\t\t\t\t<span class=\"thumb-member-container bodr-email\">\n\t\t\t\t\t\t\t<a class=\"text-decoration-none member-image\" >\n\t\t\t\t\t\t\t<img loading=\"lazy\" decoding=\"async\" class=\"img-responsive\" width=\"560\" height=\"560\" src=\"https:\/\/terasman.ee\/wp-content\/uploads\/2020\/06\/Aivar-560x560.jpg\" alt=\"\" \/>\n\t\t\t\t\t\t\t<\/a>\n\n\t\t\t\t\t\t\t\t\t\t\t\t\t\t\t\t\t\t\t\t\t\t\t\t\t\t\t\t<\/span>\n\t\t\t\t\t\t<a class=\"text-decoration-none member-info-container\" href=\"\">\n\t\t\t\t\t\t\t\t\t\t\t\t\t\t\t\t\t\t\t<\/a>\n\t\t\t\t\t<\/span>\n\t\t\t\t\t<!--Thumb info wrapper end-->\n\t\t\t\t\t<!--Thumb info container -->\n\t\t\t\t\t<span class=\"thumb-info-container\"> \n\t\t\t\t\t\t<a class=\"text-decoration-none member-info-container\" >\n\t\t\t\t\t\t\t\t\t\t\t\t\t\t\t\t\t\t\t<span class=\"thumb-info-caption\">\n\t\t\t\t\t\t\t\t<span class=\"thumb-info-caption-title\">\n\n\t\t\t\t\t\t\t\t\t<h4 class=\"m-b-none text-lg\">Aivar Koplimets<\/h4>\n\t\t\t\t\t\t\t\t\t\t\t\t\t\t\t\t\t<\/span>\n\t\t\t\t\t\t\t<\/span>\n\t\t\t\t\t\t\t\t\t\t\t\t<\/a>\n\n\t\t\t\t\t\t\t\t\t\t\t\t<div class=\"thumb-info-caption thumb-info-caption-block block-5\">\n\t\t\t\t\t\t\t\t\t\t\t\t\t\t\t<span class=\"thumb-info-caption-text p-t-none\">\n\t\t\t\t\t\t\t\t\t<p>CEO<\/p>\n\t\t\t\t\t\t\t\t<\/span>\n\t\t\t\t\t\t\t\t\t\t\t\t\t\t<span class=\"thumb-info-social-icons share-links  m-r-none m-l-none \"><a href=\"mailto:aivar.koplimets@terasman.ee\" data-tooltip data-placement=\"bottom\" title=\"Email\" class=\"share-email email-share\">aivar.koplimets@terasman.ee<\/a><span class=\"email_share\"> aivar.koplimets@terasman.ee<\/span><div class=\"contact-info-members\"><a href=\"tel:+372 510 1631\" data-tooltip data-placement=\"bottom\" title=\"Phone\" class=\"share-phone email-share\">+372 510 1631<\/a><div data-tooltip data-placement=\"bottom\" class=\"phone-contacts\">+372 510 1631<\/div><\/div><\/span>\t\t\t\t\t\t<\/div>\n\t\t\t\t\t\t\t\t\t\t\t\t\t\t\t\t\t<\/span>\n\t\t\t\t<\/span>\n\t\t\t<\/div>\n\t\t<\/article>\n\t\t\t\t\t<\/div>\n\t\t\n\t\t\n\t<\/div>\n\n\t\n\t<\/div><div class=\"porto-members porto-members60195df82435bcff79cfe346454ac0d2 wpb_content_element \">\n\t<div class=\"page-members clearfix \">\n\n\t\t\n\t\t\n\t\t\t\t\t<div class=\"member-row row ccols-md-2 ccols-1\">\n\t\t\t\n\t\t<article class=\"member office_management_tallinn post-3954 type-member status-publish has-post-thumbnail hentry member_cat-office_management_tallinn\">\n\t\t\t<span class=\"entry-title\" style=\"display: none;\">Diana Jevdokimova<\/span><span class=\"vcard\" style=\"display: none;\"><span class=\"fn\"><a href=\"https:\/\/terasman.ee\/en\/author\/iweb\/\" title=\"Posts by iWeb\" rel=\"author\">iWeb<\/a><\/span><\/span><span class=\"updated\" style=\"display:none\">2020-08-28T08:02:38+02:00<\/span>\t\t\t<div class=\"member-item  member-item-3\">\n\t\t\t\t<span class=\"thumb-info thumb-info-hide-wrapper-bg\">\n\n\t\t\t\t\t<span class=\"thumb-info-wrapper \">\n\t\t\t\t\t\t\t\t\t\t\t\t<span class=\"thumb-member-container bodr-email\">\n\t\t\t\t\t\t\t<a class=\"text-decoration-none member-image\" >\n\t\t\t\t\t\t\t<img loading=\"lazy\" decoding=\"async\" class=\"img-responsive\" width=\"560\" height=\"560\" src=\"https:\/\/terasman.ee\/wp-content\/uploads\/2020\/06\/diana_jevdokimova-560x560.jpg\" alt=\"\" \/>\n\t\t\t\t\t\t\t<\/a>\n\n\t\t\t\t\t\t\t\t\t\t\t\t\t\t\t\t\t\t\t\t\t\t\t\t\t\t\t\t<\/span>\n\t\t\t\t\t\t<a class=\"text-decoration-none member-info-container\" href=\"\">\n\t\t\t\t\t\t\t\t\t\t\t\t\t\t\t\t\t\t\t<\/a>\n\t\t\t\t\t<\/span>\n\t\t\t\t\t<!--Thumb info wrapper end-->\n\t\t\t\t\t<!--Thumb info container -->\n\t\t\t\t\t<span class=\"thumb-info-container\"> \n\t\t\t\t\t\t<a class=\"text-decoration-none member-info-container\" >\n\t\t\t\t\t\t\t\t\t\t\t\t\t\t\t\t\t\t\t<span class=\"thumb-info-caption\">\n\t\t\t\t\t\t\t\t<span class=\"thumb-info-caption-title\">\n\n\t\t\t\t\t\t\t\t\t<h4 class=\"m-b-none text-lg\">Diana Jevdokimova<\/h4>\n\t\t\t\t\t\t\t\t\t\t\t\t\t\t\t\t\t<\/span>\n\t\t\t\t\t\t\t<\/span>\n\t\t\t\t\t\t\t\t\t\t\t\t<\/a>\n\n\t\t\t\t\t\t\t\t\t\t\t\t<div class=\"thumb-info-caption thumb-info-caption-block block-5\">\n\t\t\t\t\t\t\t\t\t\t\t\t\t\t\t<span class=\"thumb-info-caption-text p-t-none\">\n\t\t\t\t\t\t\t\t\t<p>CFO<\/p>\n\t\t\t\t\t\t\t\t<\/span>\n\t\t\t\t\t\t\t\t\t\t\t\t\t\t<span class=\"thumb-info-social-icons share-links  m-r-none m-l-none \"><a href=\"mailto:diana.jevdokimova@terasman.ee\" data-tooltip data-placement=\"bottom\" title=\"Email\" class=\"share-email email-share\">diana.jevdokimova@terasman.ee<\/a><span class=\"email_share\"> diana.jevdokimova@terasman.ee<\/span><div class=\"contact-info-members\"><a href=\"tel:+372 605 2330\" data-tooltip data-placement=\"bottom\" title=\"Phone\" class=\"share-phone email-share\">+372 605 2330<\/a><div data-tooltip data-placement=\"bottom\" class=\"phone-contacts\">+372 605 2330<\/div><\/div><\/span>\t\t\t\t\t\t<\/div>\n\t\t\t\t\t\t\t\t\t\t\t\t\t\t\t\t\t<\/span>\n\t\t\t\t<\/span>\n\t\t\t<\/div>\n\t\t<\/article>\n\t\t\n\t\t<article class=\"member office_management_tallinn post-3952 type-member status-publish has-post-thumbnail hentry member_cat-office_management_tallinn\">\n\t\t\t<span class=\"entry-title\" style=\"display: none;\">Kadri Kadakas<\/span><span class=\"vcard\" style=\"display: none;\"><span class=\"fn\"><a href=\"https:\/\/terasman.ee\/en\/author\/iweb\/\" title=\"Posts by iWeb\" rel=\"author\">iWeb<\/a><\/span><\/span><span class=\"updated\" style=\"display:none\">2020-08-10T06:15:15+02:00<\/span>\t\t\t<div class=\"member-item  member-item-3\">\n\t\t\t\t<span class=\"thumb-info thumb-info-hide-wrapper-bg\">\n\n\t\t\t\t\t<span class=\"thumb-info-wrapper \">\n\t\t\t\t\t\t\t\t\t\t\t\t<span class=\"thumb-member-container bodr-email\">\n\t\t\t\t\t\t\t<a class=\"text-decoration-none member-image\" >\n\t\t\t\t\t\t\t<img loading=\"lazy\" decoding=\"async\" class=\"img-responsive\" width=\"560\" height=\"560\" src=\"https:\/\/terasman.ee\/wp-content\/uploads\/2020\/06\/kadri_kadakas-560x560.jpg\" alt=\"\" \/>\n\t\t\t\t\t\t\t<\/a>\n\n\t\t\t\t\t\t\t\t\t\t\t\t\t\t\t\t\t\t\t\t\t\t\t\t\t\t\t\t<\/span>\n\t\t\t\t\t\t<a class=\"text-decoration-none member-info-container\" href=\"\">\n\t\t\t\t\t\t\t\t\t\t\t\t\t\t\t\t\t\t\t<\/a>\n\t\t\t\t\t<\/span>\n\t\t\t\t\t<!--Thumb info wrapper end-->\n\t\t\t\t\t<!--Thumb info container -->\n\t\t\t\t\t<span class=\"thumb-info-container\"> \n\t\t\t\t\t\t<a class=\"text-decoration-none member-info-container\" >\n\t\t\t\t\t\t\t\t\t\t\t\t\t\t\t\t\t\t\t<span class=\"thumb-info-caption\">\n\t\t\t\t\t\t\t\t<span class=\"thumb-info-caption-title\">\n\n\t\t\t\t\t\t\t\t\t<h4 class=\"m-b-none text-lg\">Kadri Kadakas<\/h4>\n\t\t\t\t\t\t\t\t\t\t\t\t\t\t\t\t\t<\/span>\n\t\t\t\t\t\t\t<\/span>\n\t\t\t\t\t\t\t\t\t\t\t\t<\/a>\n\n\t\t\t\t\t\t\t\t\t\t\t\t<div class=\"thumb-info-caption thumb-info-caption-block block-5\">\n\t\t\t\t\t\t\t\t\t\t\t\t\t\t\t<span class=\"thumb-info-caption-text p-t-none\">\n\t\t\t\t\t\t\t\t\t<p>Estimator and Technical Assistance<\/p>\n\t\t\t\t\t\t\t\t<\/span>\n\t\t\t\t\t\t\t\t\t\t\t\t\t\t<span class=\"thumb-info-social-icons share-links  m-r-none m-l-none \"><a href=\"mailto:kadri.kadakas@terasman.ee \" data-tooltip data-placement=\"bottom\" title=\"Email\" class=\"share-email email-share\">kadri.kadakas@terasman.ee <\/a><span class=\"email_share\"> kadri.kadakas@terasman.ee <\/span><\/span>\t\t\t\t\t\t<\/div>\n\t\t\t\t\t\t\t\t\t\t\t\t\t\t\t\t\t<\/span>\n\t\t\t\t<\/span>\n\t\t\t<\/div>\n\t\t<\/article>\n\t\t\t\t\t<\/div>\n\t\t\n\t\t\n\t<\/div>\n\n\t\n\t<\/div><div class=\"porto-members porto-members7eb1fc8092a50feee80f3a1bf3ab821b wpb_content_element \">\n\t<div class=\"page-members clearfix \">\n\n\t\t\n\t\t\n\t\t\t\t\t<div class=\"member-row row ccols-md-2 ccols-1\">\n\t\t\t\n\t\t<article class=\"member office_management_tallinn post-3948 type-member status-publish has-post-thumbnail hentry member_cat-office_management_tallinn\">\n\t\t\t<span class=\"entry-title\" style=\"display: none;\">Sergei Nadolko<\/span><span class=\"vcard\" style=\"display: none;\"><span class=\"fn\"><a href=\"https:\/\/terasman.ee\/en\/author\/carolina\/\" title=\"Posts by carolina\" rel=\"author\">carolina<\/a><\/span><\/span><span class=\"updated\" style=\"display:none\">2024-03-26T11:10:59+02:00<\/span>\t\t\t<div class=\"member-item  member-item-3\">\n\t\t\t\t<span class=\"thumb-info thumb-info-hide-wrapper-bg\">\n\n\t\t\t\t\t<span class=\"thumb-info-wrapper \">\n\t\t\t\t\t\t\t\t\t\t\t\t<span class=\"thumb-member-container bodr-email\">\n\t\t\t\t\t\t\t<a class=\"text-decoration-none member-image\" >\n\t\t\t\t\t\t\t<img loading=\"lazy\" decoding=\"async\" class=\"img-responsive\" width=\"560\" height=\"560\" src=\"https:\/\/terasman.ee\/wp-content\/uploads\/2020\/06\/sergei_nadolko-560x560.jpg\" alt=\"\" \/>\n\t\t\t\t\t\t\t<\/a>\n\n\t\t\t\t\t\t\t\t\t\t\t\t\t\t\t\t\t\t\t\t\t\t\t\t\t\t\t\t<\/span>\n\t\t\t\t\t\t<a class=\"text-decoration-none member-info-container\" href=\"\">\n\t\t\t\t\t\t\t\t\t\t\t\t\t\t\t\t\t\t\t<\/a>\n\t\t\t\t\t<\/span>\n\t\t\t\t\t<!--Thumb info wrapper end-->\n\t\t\t\t\t<!--Thumb info container -->\n\t\t\t\t\t<span class=\"thumb-info-container\"> \n\t\t\t\t\t\t<a class=\"text-decoration-none member-info-container\" >\n\t\t\t\t\t\t\t\t\t\t\t\t\t\t\t\t\t\t\t<span class=\"thumb-info-caption\">\n\t\t\t\t\t\t\t\t<span class=\"thumb-info-caption-title\">\n\n\t\t\t\t\t\t\t\t\t<h4 class=\"m-b-none text-lg\">Sergei Nadolko<\/h4>\n\t\t\t\t\t\t\t\t\t\t\t\t\t\t\t\t\t<\/span>\n\t\t\t\t\t\t\t<\/span>\n\t\t\t\t\t\t\t\t\t\t\t\t<\/a>\n\n\t\t\t\t\t\t\t\t\t\t\t\t<div class=\"thumb-info-caption thumb-info-caption-block block-5\">\n\t\t\t\t\t\t\t\t\t\t\t\t\t\t\t<span class=\"thumb-info-caption-text p-t-none\">\n\t\t\t\t\t\t\t\t\t<p>Purchase and Outsoursing, Technological Preparation Manager<\/p>\n\t\t\t\t\t\t\t\t<\/span>\n\t\t\t\t\t\t\t\t\t\t\t\t\t\t<span class=\"thumb-info-social-icons share-links  m-r-none m-l-none \"><a href=\"mailto:sergei.nadolko@terasman.ee\" data-tooltip data-placement=\"bottom\" title=\"Email\" class=\"share-email email-share\">sergei.nadolko@terasman.ee<\/a><span class=\"email_share\"> sergei.nadolko@terasman.ee<\/span><\/span>\t\t\t\t\t\t<\/div>\n\t\t\t\t\t\t\t\t\t\t\t\t\t\t\t\t\t<\/span>\n\t\t\t\t<\/span>\n\t\t\t<\/div>\n\t\t<\/article>\n\t\t\n\t\t<article class=\"member office_management_tallinn post-3900 type-member status-publish has-post-thumbnail hentry member_cat-office_management_tallinn\">\n\t\t\t<span class=\"entry-title\" style=\"display: none;\">German Belov<\/span><span class=\"vcard\" style=\"display: none;\"><span class=\"fn\"><a href=\"https:\/\/terasman.ee\/en\/author\/iweb\/\" title=\"Posts by iWeb\" rel=\"author\">iWeb<\/a><\/span><\/span><span class=\"updated\" style=\"display:none\">2020-09-08T19:36:15+02:00<\/span>\t\t\t<div class=\"member-item  member-item-3\">\n\t\t\t\t<span class=\"thumb-info thumb-info-hide-wrapper-bg\">\n\n\t\t\t\t\t<span class=\"thumb-info-wrapper \">\n\t\t\t\t\t\t\t\t\t\t\t\t<span class=\"thumb-member-container bodr-email\">\n\t\t\t\t\t\t\t<a class=\"text-decoration-none member-image\" >\n\t\t\t\t\t\t\t<img loading=\"lazy\" decoding=\"async\" class=\"img-responsive\" width=\"560\" height=\"560\" src=\"https:\/\/terasman.ee\/wp-content\/uploads\/2020\/06\/german_belov-560x560.jpg\" alt=\"\" \/>\n\t\t\t\t\t\t\t<\/a>\n\n\t\t\t\t\t\t\t\t\t\t\t\t\t\t\t\t\t\t\t\t\t\t\t\t\t\t\t\t<\/span>\n\t\t\t\t\t\t<a class=\"text-decoration-none member-info-container\" href=\"\">\n\t\t\t\t\t\t\t\t\t\t\t\t\t\t\t\t\t\t\t<\/a>\n\t\t\t\t\t<\/span>\n\t\t\t\t\t<!--Thumb info wrapper end-->\n\t\t\t\t\t<!--Thumb info container -->\n\t\t\t\t\t<span class=\"thumb-info-container\"> \n\t\t\t\t\t\t<a class=\"text-decoration-none member-info-container\" >\n\t\t\t\t\t\t\t\t\t\t\t\t\t\t\t\t\t\t\t<span class=\"thumb-info-caption\">\n\t\t\t\t\t\t\t\t<span class=\"thumb-info-caption-title\">\n\n\t\t\t\t\t\t\t\t\t<h4 class=\"m-b-none text-lg\">German Belov<\/h4>\n\t\t\t\t\t\t\t\t\t\t\t\t\t\t\t\t\t<\/span>\n\t\t\t\t\t\t\t<\/span>\n\t\t\t\t\t\t\t\t\t\t\t\t<\/a>\n\n\t\t\t\t\t\t\t\t\t\t\t\t<div class=\"thumb-info-caption thumb-info-caption-block block-5\">\n\t\t\t\t\t\t\t\t\t\t\t\t\t\t\t<span class=\"thumb-info-caption-text p-t-none\">\n\t\t\t\t\t\t\t\t\t<p>Welding coordinator, Quality Manager<\/p>\n\t\t\t\t\t\t\t\t<\/span>\n\t\t\t\t\t\t\t\t\t\t\t\t\t\t<span class=\"thumb-info-social-icons share-links  m-r-none m-l-none \"><a href=\"mailto:german.belov@terasman.ee\" data-tooltip data-placement=\"bottom\" title=\"Email\" class=\"share-email email-share\">german.belov@terasman.ee<\/a><span class=\"email_share\"> german.belov@terasman.ee<\/span><div class=\"contact-info-members\"><a href=\"tel:+372 5303 1262\" data-tooltip data-placement=\"bottom\" title=\"Phone\" class=\"share-phone email-share\">+372 5303 1262<\/a><div data-tooltip data-placement=\"bottom\" class=\"phone-contacts\">+372 5303 1262<\/div><\/div><\/span>\t\t\t\t\t\t<\/div>\n\t\t\t\t\t\t\t\t\t\t\t\t\t\t\t\t\t<\/span>\n\t\t\t\t<\/span>\n\t\t\t<\/div>\n\t\t<\/article>\n\t\t\t\t\t<\/div>\n\t\t\n\t\t\n\t<\/div>\n\n\t\n\t<\/div>[vc_column_text]<\/p>\n<p>[\/vc_column_text][\/vc_column][vc_column width=&#8221;1\/2&#8243; css=&#8221;.vc_custom_1597057194677{background-color: #f6f6f6 !important;}&#8221;][vc_custom_heading text=&#8221;Updated&#8221; use_theme_fonts=&#8221;yes&#8221; el_class=&#8221;mt-4&#8243;][\/vc_column][\/vc_row][vc_row wrap_container=&#8221;yes&#8221; el_class=&#8221;m-b-xl&#8221;][vc_column width=&#8221;1\/2&#8243;]<div role=\"form\" class=\"wpcf7\" id=\"wpcf7-f74-o1\" lang=\"en-US\" dir=\"ltr\">\n<div class=\"screen-reader-response\"><p role=\"status\" aria-live=\"polite\" aria-atomic=\"true\"><\/p> <ul><\/ul><\/div>\n<form action=\"\/en\/wp-json\/wp\/v2\/pages\/75#wpcf7-f74-o1\" method=\"post\" class=\"wpcf7-form init\" novalidate=\"novalidate\" data-status=\"init\">\n<div style=\"display: none;\">\n<input type=\"hidden\" name=\"_wpcf7\" value=\"74\" \/>\n<input type=\"hidden\" name=\"_wpcf7_version\" value=\"5.5.6.1\" \/>\n<input type=\"hidden\" name=\"_wpcf7_locale\" value=\"en_US\" \/>\n<input type=\"hidden\" name=\"_wpcf7_unit_tag\" value=\"wpcf7-f74-o1\" \/>\n<input type=\"hidden\" name=\"_wpcf7_container_post\" value=\"0\" \/>\n<input type=\"hidden\" name=\"_wpcf7_posted_data_hash\" value=\"\" \/>\n<\/div>\n<h2 class=\"short mb-2\"><b>Send a price<\/b> query<\/h2>\n<p class=\"mb-5\">to <a href=\"mailto:sales@terasman.ee\">sales@terasman.ee<\/a> or use the form below<\/p>\n<div class=\"row form-row\">\n<div class=\"col-lg-6\">\n<div class=\"form-group\">\n            <label for=\"contact-name\" class=\"font-weight-bold text-dark\">Your name *<\/label><br \/>\n            <span class=\"wpcf7-form-control-wrap your-name\"><input type=\"text\" name=\"your-name\" value=\"\" size=\"40\" class=\"wpcf7-form-control wpcf7-text wpcf7-validates-as-required form-control\" id=\"contact-name\" aria-required=\"true\" aria-invalid=\"false\" \/><\/span>\n        <\/div>\n<\/div>\n<div class=\"col-lg-6\">\n<div class=\"form-group\">\n            <label for=\"contact-email\" class=\"font-weight-bold text-dark\">Your e-mail address *<\/label><br \/>\n            <span class=\"wpcf7-form-control-wrap your-email\"><input type=\"email\" name=\"your-email\" value=\"\" size=\"40\" class=\"wpcf7-form-control wpcf7-text wpcf7-email wpcf7-validates-as-required wpcf7-validates-as-email form-control\" id=\"contact-email\" aria-required=\"true\" aria-invalid=\"false\" \/><\/span>\n        <\/div>\n<\/div>\n<div class=\"col-lg-12\">\n<div class=\"form-group\">\n            <label for=\"contact-subject\" class=\"font-weight-bold text-dark\">Subject<\/label><br \/>\n            <span class=\"wpcf7-form-control-wrap your-subject\"><input type=\"text\" name=\"your-subject\" value=\"\" size=\"40\" class=\"wpcf7-form-control wpcf7-text form-control\" id=\"contact-subject\" aria-invalid=\"false\" \/><\/span>\n        <\/div>\n<\/div>\n<div class=\"col-lg-12\">\n<div class=\"form-group\">\n            <label for=\"contact-message\" class=\"font-weight-bold text-dark\">Your message<\/label><br \/>\n            <span class=\"wpcf7-form-control-wrap your-message\"><textarea name=\"your-message\" cols=\"40\" rows=\"10\" class=\"wpcf7-form-control wpcf7-textarea form-control\" id=\"contact-message\" aria-invalid=\"false\"><\/textarea><\/span>\n        <\/div>\n<\/div>\n<div class=\"col-lg-12\">\n<div class=\"form-group\">\n            <input type=\"submit\" value=\"Send message\" class=\"wpcf7-form-control has-spinner wpcf7-submit btn btn-primary btn-modern\" \/>\n        <\/div>\n<\/div>\n<\/div>\n<div class=\"wpcf7-response-output\" aria-hidden=\"true\"><\/div><\/form><\/div>[\/vc_column][vc_column width=&#8221;1\/2&#8243;][vc_custom_heading text=&#8221;Terasman O\u00dc&#8221; font_container=&#8221;tag:h4|text_align:left&#8221; use_theme_fonts=&#8221;yes&#8221; skin=&#8221;primary&#8221; css=&#8221;.vc_custom_1591117940228{padding-top: 10px !important;}&#8221;]<div class=\"porto-sicon-box style_1 default-icon\"><div class=\"porto-sicon-default\"><div id=\"porto-icon-35818616769f269024a1ba\" class=\"porto-just-icon-wrapper\" style=\"text-align:center;\"><div class=\"porto-icon advanced\" style=\"color:#00425a;background:transparent;border-style:solid;border-color:#00425a;border-width:1px;width:25px;height:25px;line-height:25px;border-radius:500px;font-size:14px;display:inline-block;\"><i class=\"fas fa-registered\"><\/i><\/div><\/div><\/div><div class=\"porto-sicon-header\" ><h3 class=\"porto-sicon-title\" style=\"font-size:14px;color:#777777;\"><strong>Reg No<\/strong> 10750914<\/h3><\/div> <!-- header --><\/div><!-- porto-sicon-box --><div class=\"porto-sicon-box style_1 default-icon\"><div class=\"porto-sicon-default\"><div id=\"porto-icon-208170138069f269024a238\" class=\"porto-just-icon-wrapper\" style=\"text-align:center;\"><div class=\"porto-icon advanced\" style=\"color:#00425a;background:transparent;border-style:solid;border-color:#00425a;border-width:1px;width:25px;height:25px;line-height:25px;border-radius:500px;font-size:14px;display:inline-block;\"><i class=\"fas fa-map-marker-alt\"><\/i><\/div><\/div><\/div><div class=\"porto-sicon-header\" ><h3 class=\"porto-sicon-title\" style=\"font-size:14px;color:#777777;\"><strong>Address:<\/strong> Osmusaare 8, 13811 Tallinn, Estonia<\/h3><\/div> <!-- header --><\/div><!-- porto-sicon-box --><div class=\"porto-sicon-box style_1 default-icon\"><div class=\"porto-sicon-default\"><div id=\"porto-icon-97392775269f269024a2b0\" class=\"porto-just-icon-wrapper\" style=\"text-align:center;\"><div class=\"porto-icon advanced\" style=\"color:#00425a;background:transparent;border-style:solid;border-color:#00425a;border-width:1px;width:25px;height:25px;line-height:25px;border-radius:500px;font-size:14px;display:inline-block;\"><i class=\"fas fa-map-marker-alt\"><\/i><\/div><\/div><\/div><div class=\"porto-sicon-header\" ><h3 class=\"porto-sicon-title\" style=\"font-size:14px;color:#777777;\"><strong>Workshop Address:<\/strong> J\u00e4rvamaa, T\u00f6\u00f6stuse tee 1, Aravete, 73501 Ambla<\/h3><\/div> <!-- header --><\/div><!-- porto-sicon-box --><div class=\"porto-sicon-box style_1 default-icon\"><div class=\"porto-sicon-default\"><div id=\"porto-icon-48593487669f269024a31a\" class=\"porto-just-icon-wrapper\" style=\"text-align:center;\"><div class=\"porto-icon advanced\" style=\"color:#00425a;background:transparent;border-style:solid;border-color:#00425a;border-width:1px;width:25px;height:25px;line-height:25px;border-radius:500px;font-size:14px;display:inline-block;\"><i class=\"fas fa-envelope\"><\/i><\/div><\/div><\/div><div class=\"porto-sicon-header\" ><h3 class=\"porto-sicon-title\" style=\"font-size:14px;color:#777777;\"><strong>E-mail:<\/strong> info@terasman.ee<\/h3><\/div> <!-- header --><\/div><!-- porto-sicon-box -->[\/vc_column][\/vc_row][vc_row wrap_container=&#8221;yes&#8221; el_class=&#8221;mb-5&#8243;][vc_column width=&#8221;1\/2&#8243;][vc_custom_heading text=&#8221;Our office in Tallinn&#8221; use_theme_fonts=&#8221;yes&#8221;][vc_gmaps link=&#8221;#E-8_JTNDaWZyYW1lJTIwc3JjJTNEJTIyaHR0cHMlM0ElMkYlMkZ3d3cuZ29vZ2xlLmNvbSUyRm1hcHMlMkZlbWJlZCUzRnBiJTNEJTIxMW0xOCUyMTFtMTIlMjExbTMlMjExZDIwMjguODI4MDA4NTg0MzY1MyUyMTJkMjQuODY1Nzk3NzE1ODY3Mzk4JTIxM2Q1OS40MzU5NDMwMDk1MTIwMyUyMTJtMyUyMTFmMCUyMTJmMCUyMTNmMCUyMTNtMiUyMTFpMTAyNCUyMTJpNzY4JTIxNGYxMy4xJTIxM20zJTIxMW0yJTIxMXMweDQ2OTJlY2VkMmRiZjU4NDElMjUzQTB4MWUwYjhmNTQ4OGQyYzI3NSUyMTJzT3NtdXNzYWFyZSUyNTIwOCUyNTJDJTI1MjAxMzYxOSUyNTIwVGFsbGlubiUyMTVlMCUyMTNtMiUyMTFzZW4lMjEyc2VlJTIxNHYxNjAxNDU2Mzc2MzU0JTIxNW0yJTIxMXNlbiUyMTJzZWUlMjIlMjB3aWR0aCUzRCUyMjYwMCUyMiUyMGhlaWdodCUzRCUyMjQ1MCUyMiUyMGZyYW1lYm9yZGVyJTNEJTIyMCUyMiUyMHN0eWxlJTNEJTIyYm9yZGVyJTNBMCUzQiUyMiUyMGFsbG93ZnVsbHNjcmVlbiUzRCUyMiUyMiUyMGFyaWEtaGlkZGVuJTNEJTIyZmFsc2UlMjIlMjB0YWJpbmRleCUzRCUyMjAlMjIlM0UlM0MlMkZpZnJhbWUlM0U=&#8221;][\/vc_column][vc_column width=&#8221;1\/2&#8243;][vc_custom_heading text=&#8221;Our workshop in Aravete&#8221; use_theme_fonts=&#8221;yes&#8221;][vc_gmaps link=&#8221;#E-8_JTNDaWZyYW1lJTIwc3JjJTNEJTIyaHR0cHMlM0ElMkYlMkZ3d3cuZ29vZ2xlLmNvbSUyRm1hcHMlMkZlbWJlZCUzRnBiJTNEJTIxMW0xOCUyMTFtMTIlMjExbTMlMjExZDIwNDcuMTI2Mjk0MzAyMjIxNiUyMTJkMjUuNzM4MDYyODE1ODU1MzYlMjEzZDU5LjEzMDI4NzIzNDAwNzk5JTIxMm0zJTIxMWYwJTIxMmYwJTIxM2YwJTIxM20yJTIxMWkxMDI0JTIxMmk3NjglMjE0ZjEzLjElMjEzbTMlMjExbTIlMjExczB4NDY5MzNkZjdlZTE4NDIxMyUyNTNBMHg4YTdjNjgxNDE4ZDg4NGElMjEyc1QlMjVDMyUyNUI2JTI1QzMlMjVCNnN0dXNlJTI1MjB0ZWUlMjUyMDElMjUyQyUyNTIwQXJhdmV0ZSUyNTJDJTI1MjA3MzUwMSUyNTIwSiUyNUMzJTI1QTRydmElMjUyMG1hYWtvbmQlMjE1ZTAlMjEzbTIlMjExc2VuJTIxMnNlZSUyMTR2MTYwMTQ1OTU5MjM2MSUyMTVtMiUyMTFzZW4lMjEyc2VlJTIyJTIwd2lkdGglM0QlMjI2MDAlMjIlMjBoZWlnaHQlM0QlMjI0NTAlMjIlMjBmcmFtZWJvcmRlciUzRCUyMjAlMjIlMjBzdHlsZSUzRCUyMmJvcmRlciUzQTAlM0IlMjIlMjBhbGxvd2Z1bGxzY3JlZW4lM0QlMjIlMjIlMjBhcmlhLWhpZGRlbiUzRCUyMmZhbHNlJTIyJTIwdGFiaW5kZXglM0QlMjIwJTIyJTNFJTNDJTJGaWZyYW1lJTNF&#8221;][\/vc_column][\/vc_row]<\/p>\n","protected":false},"excerpt":{"rendered":"<p>[vc_row wrap_container=&#8221;yes&#8221; el_class=&#8221;mt-3 pt-3&#8243; el_id=&#8221;contact-page-padding&#8221;][vc_column width=&#8221;1\/2&#8243;][vc_custom_heading text=&#8221;Management&#8221; use_theme_fonts=&#8221;yes&#8221; el_class=&#8221;mt-4&#8243;][vc_column_text] [\/vc_column_text][\/vc_column][vc_column width=&#8221;1\/2&#8243; css=&#8221;.vc_custom_1597057194677{background-color: #f6f6f6 !important;}&#8221;][vc_custom_heading text=&#8221;Updated&#8221; use_theme_fonts=&#8221;yes&#8221; el_class=&#8221;mt-4&#8243;][\/vc_column][\/vc_row][vc_row wrap_container=&#8221;yes&#8221; el_class=&#8221;m-b-xl&#8221;][vc_column width=&#8221;1\/2&#8243;][\/vc_column][vc_column width=&#8221;1\/2&#8243;][vc_custom_heading text=&#8221;Terasman O\u00dc&#8221; font_container=&#8221;tag:h4|text_align:left&#8221; use_theme_fonts=&#8221;yes&#8221; skin=&#8221;primary&#8221; css=&#8221;.vc_custom_1591117940228{padding-top: 10px !important;}&#8221;][\/vc_column][\/vc_row][vc_row wrap_container=&#8221;yes&#8221; el_class=&#8221;mb-5&#8243;][vc_column width=&#8221;1\/2&#8243;][vc_custom_heading text=&#8221;Our office in Tallinn&#8221; use_theme_fonts=&#8221;yes&#8221;][vc_gmaps link=&#8221;#E-8_JTNDaWZyYW1lJTIwc3JjJTNEJTIyaHR0cHMlM0ElMkYlMkZ3d3cuZ29vZ2xlLmNvbSUyRm1hcHMlMkZlbWJlZCUzRnBiJTNEJTIxMW0xOCUyMTFtMTIlMjExbTMlMjExZDIwMjguODI4MDA4NTg0MzY1MyUyMTJkMjQuODY1Nzk3NzE1ODY3Mzk4JTIxM2Q1OS40MzU5NDMwMDk1MTIwMyUyMTJtMyUyMTFmMCUyMTJmMCUyMTNmMCUyMTNtMiUyMTFpMTAyNCUyMTJpNzY4JTIxNGYxMy4xJTIxM20zJTIxMW0yJTIxMXMweDQ2OTJlY2VkMmRiZjU4NDElMjUzQTB4MWUwYjhmNTQ4OGQyYzI3NSUyMTJzT3NtdXNzYWFyZSUyNTIwOCUyNTJDJTI1MjAxMzYxOSUyNTIwVGFsbGlubiUyMTVlMCUyMTNtMiUyMTFzZW4lMjEyc2VlJTIxNHYxNjAxNDU2Mzc2MzU0JTIxNW0yJTIxMXNlbiUyMTJzZWUlMjIlMjB3aWR0aCUzRCUyMjYwMCUyMiUyMGhlaWdodCUzRCUyMjQ1MCUyMiUyMGZyYW1lYm9yZGVyJTNEJTIyMCUyMiUyMHN0eWxlJTNEJTIyYm9yZGVyJTNBMCUzQiUyMiUyMGFsbG93ZnVsbHNjcmVlbiUzRCUyMiUyMiUyMGFyaWEtaGlkZGVuJTNEJTIyZmFsc2UlMjIlMjB0YWJpbmRleCUzRCUyMjAlMjIlM0UlM0MlMkZpZnJhbWUlM0U=&#8221;][\/vc_column][vc_column width=&#8221;1\/2&#8243;][vc_custom_heading text=&#8221;Our workshop in Aravete&#8221; use_theme_fonts=&#8221;yes&#8221;][vc_gmaps link=&#8221;#E-8_JTNDaWZyYW1lJTIwc3JjJTNEJTIyaHR0cHMlM0ElMkYlMkZ3d3cuZ29vZ2xlLmNvbSUyRm1hcHMlMkZlbWJlZCUzRnBiJTNEJTIxMW0xOCUyMTFtMTIlMjExbTMlMjExZDIwNDcuMTI2Mjk0MzAyMjIxNiUyMTJkMjUuNzM4MDYyODE1ODU1MzYlMjEzZDU5LjEzMDI4NzIzNDAwNzk5JTIxMm0zJTIxMWYwJTIxMmYwJTIxM2YwJTIxM20yJTIxMWkxMDI0JTIxMmk3NjglMjE0ZjEzLjElMjEzbTMlMjExbTIlMjExczB4NDY5MzNkZjdlZTE4NDIxMyUyNTNBMHg4YTdjNjgxNDE4ZDg4NGElMjEyc1QlMjVDMyUyNUI2JTI1QzMlMjVCNnN0dXNlJTI1MjB0ZWUlMjUyMDElMjUyQyUyNTIwQXJhdmV0ZSUyNTJDJTI1MjA3MzUwMSUyNTIwSiUyNUMzJTI1QTRydmElMjUyMG1hYWtvbmQlMjE1ZTAlMjEzbTIlMjExc2VuJTIxMnNlZSUyMTR2MTYwMTQ1OTU5MjM2MSUyMTVtMiUyMTFzZW4lMjEyc2VlJTIyJTIwd2lkdGglM0QlMjI2MDAlMjIlMjBoZWlnaHQlM0QlMjI0NTAlMjIlMjBmcmFtZWJvcmRlciUzRCUyMjAlMjIlMjBzdHlsZSUzRCUyMmJvcmRlciUzQTAlM0IlMjIlMjBhbGxvd2Z1bGxzY3JlZW4lM0QlMjIlMjIlMjBhcmlhLWhpZGRlbiUzRCUyMmZhbHNlJTIyJTIwdGFiaW5kZXglM0QlMjIwJTIyJTNFJTNDJTJGaWZyYW1lJTNF&#8221;][\/vc_column][\/vc_row]<\/p>\n","protected":false},"author":1,"featured_media":0,"parent":0,"menu_order":0,"comment_status":"closed","ping_status":"closed","template":"","meta":{"_acf_changed":false,"footnotes":""},"class_list":["post-75","page","type-page","status-publish","hentry"],"acf":[],"_links":{"self":[{"href":"https:\/\/terasman.ee\/en\/wp-json\/wp\/v2\/pages\/75"}],"collection":[{"href":"https:\/\/terasman.ee\/en\/wp-json\/wp\/v2\/pages"}],"about":[{"href":"https:\/\/terasman.ee\/en\/wp-json\/wp\/v2\/types\/page"}],"author":[{"embeddable":true,"href":"https:\/\/terasman.ee\/en\/wp-json\/wp\/v2\/users\/1"}],"replies":[{"embeddable":true,"href":"https:\/\/terasman.ee\/en\/wp-json\/wp\/v2\/comments?post=75"}],"version-history":[{"count":162,"href":"https:\/\/terasman.ee\/en\/wp-json\/wp\/v2\/pages\/75\/revisions"}],"predecessor-version":[{"id":8833,"href":"https:\/\/terasman.ee\/en\/wp-json\/wp\/v2\/pages\/75\/revisions\/8833"}],"wp:attachment":[{"href":"https:\/\/terasman.ee\/en\/wp-json\/wp\/v2\/media?parent=75"}],"curies":[{"name":"wp","href":"https:\/\/api.w.org\/{rel}","templated":true}]}}