{"id":8613,"date":"2020-05-23T10:17:31","date_gmt":"2020-05-23T10:17:31","guid":{"rendered":"https:\/\/terasman.ee\/home\/"},"modified":"2025-06-06T15:17:49","modified_gmt":"2025-06-06T13:17:49","slug":"paasivu","status":"publish","type":"page","link":"https:\/\/terasman.ee\/fi\/","title":{"rendered":"P\u00e4\u00e4sivu"},"content":{"rendered":"<p>[vc_row wrap_container=&#8221;yes&#8221; css=&#8221;.vc_custom_1543845513575{padding-top: 88px !important;padding-bottom: 55px !important;}&#8221;][vc_column offset=&#8221;vc_col-md-4&#8243; animation_type=&#8221;fadeInLeft&#8221;]<div class=\"porto-sicon-box style_1 default-icon\"><div class=\"porto-sicon-default\"><div id=\"porto-icon-160420582669d972ded6452\" class=\"porto-just-icon-wrapper\" style=\"text-align:center;\"><div class=\"porto-sicon-img \" style=\"background:transparent;display:inline-block;font-size: 45px;\"><img loading=\"lazy\" decoding=\"async\" class=\"img-icon\" alt=\"\" src=\"https:\/\/terasman.ee\/wp-content\/uploads\/2020\/05\/48-Factory.png\" width=\"48\" height=\"48\" \/><\/div><\/div><\/div><div class=\"porto-sicon-header\" ><h3 class=\"porto-sicon-title\" style=\"font-weight:700;font-size:1.3em;line-height:15px;color:#00425a;\">6 000 m2 tuotantotilat<\/h3><\/div> <!-- header --><\/div><!-- porto-sicon-box -->[\/vc_column][vc_column animation_delay=&#8221;200&#8243; offset=&#8221;vc_col-md-4&#8243; animation_type=&#8221;fadeInLeft&#8221;]<div class=\"porto-sicon-box style_1 default-icon\"><div class=\"porto-sicon-default\"><div id=\"porto-icon-24364155069d972ded65f9\" class=\"porto-just-icon-wrapper\" style=\"text-align:center;\"><div class=\"porto-sicon-img \" style=\"background:transparent;display:inline-block;font-size: 45px;\"><img loading=\"lazy\" decoding=\"async\" class=\"img-icon\" alt=\"\" src=\"https:\/\/terasman.ee\/wp-content\/uploads\/2020\/05\/47-Coal.png\" width=\"48\" height=\"48\" \/><\/div><\/div><\/div><div class=\"porto-sicon-header\" ><h3 class=\"porto-sicon-title\" style=\"font-weight:700;font-size:1.3em;line-height:15px;color:#00425a;\">Kattonosturit 30 tn<\/h3><\/div> <!-- header --><\/div><!-- porto-sicon-box -->[\/vc_column][vc_column animation_delay=&#8221;400&#8243; offset=&#8221;vc_col-md-4&#8243; animation_type=&#8221;fadeInLeft&#8221;]<div class=\"porto-sicon-box style_1 default-icon\"><div class=\"porto-sicon-default\"><div id=\"porto-icon-185911638069d972ded67fd\" class=\"porto-just-icon-wrapper\" style=\"text-align:center;\"><div class=\"porto-sicon-img \" style=\"background:transparent;display:inline-block;font-size: 45px;\"><img loading=\"lazy\" decoding=\"async\" class=\"img-icon\" alt=\"\" src=\"https:\/\/terasman.ee\/wp-content\/uploads\/2020\/06\/41-Industrial-robot.png\" width=\"48\" height=\"48\" \/><\/div><\/div><\/div><div class=\"porto-sicon-header\" ><h3 class=\"porto-sicon-title\" style=\"font-weight:700;font-size:1.3em;line-height:15px;color:#00425a;\">Nostokorkeus 8m<\/h3><\/div> <!-- header --><\/div><!-- porto-sicon-box -->[\/vc_column][vc_column animation_delay=&#8221;800&#8243; offset=&#8221;vc_col-md-4&#8243; animation_type=&#8221;fadeInRight&#8221;]<div class=\"porto-sicon-box style_1 default-icon\"><div class=\"porto-sicon-default\"><div id=\"porto-icon-211794392669d972ded6989\" class=\"porto-just-icon-wrapper\" style=\"text-align:center;\"><div class=\"porto-sicon-img \" style=\"background:transparent;display:inline-block;font-size: 45px;\"><img loading=\"lazy\" decoding=\"async\" class=\"img-icon\" alt=\"\" src=\"https:\/\/terasman.ee\/wp-content\/uploads\/2020\/05\/7-Warehouse.png\" width=\"48\" height=\"48\" \/><\/div><\/div><\/div><div class=\"porto-sicon-header\" ><h3 class=\"porto-sicon-title\" style=\"font-weight:700;font-size:1.3em;line-height:15px;color:#00425a;\">Ovien koko 5 x 5 m<\/h3><\/div> <!-- header --><\/div><!-- porto-sicon-box -->[\/vc_column][vc_column animation_delay=&#8221;600&#8243; offset=&#8221;vc_col-md-4&#8243; animation_type=&#8221;fadeInRight&#8221;]<div class=\"porto-sicon-box style_1 default-icon\"><div class=\"porto-sicon-default\"><div id=\"porto-icon-7041274269d972ded6b15\" class=\"porto-just-icon-wrapper\" style=\"text-align:center;\"><div class=\"porto-sicon-img \" style=\"background:transparent;display:inline-block;font-size: 45px;\"><img loading=\"lazy\" decoding=\"async\" class=\"img-icon\" alt=\"\" src=\"https:\/\/terasman.ee\/wp-content\/uploads\/2020\/07\/38-Water.png\" width=\"48\" height=\"48\" \/><\/div><\/div><\/div><div class=\"porto-sicon-header\" ><h3 class=\"porto-sicon-title\" style=\"font-weight:700;font-size:1.3em;line-height:18px;color:#00425a;\">Maalauslinja 122 x 4,5 x 4,5m<\/h3><\/div> <!-- header --><\/div><!-- porto-sicon-box -->[\/vc_column][vc_column animation_delay=&#8221;400&#8243; offset=&#8221;vc_col-md-4&#8243; animation_type=&#8221;fadeInRight&#8221;]<div class=\"porto-sicon-box style_1 default-icon\"><div class=\"porto-sicon-default\"><div id=\"porto-icon-20375981369d972ded6cad\" class=\"porto-just-icon-wrapper\" style=\"text-align:center;\"><div class=\"porto-sicon-img \" style=\"background:transparent;display:inline-block;font-size: 45px;\"><img loading=\"lazy\" decoding=\"async\" class=\"img-icon\" alt=\"\" src=\"https:\/\/terasman.ee\/wp-content\/uploads\/2020\/05\/43-Warehouse.png\" width=\"48\" height=\"48\" \/><\/div><\/div><\/div><div class=\"porto-sicon-header\" ><h3 class=\"porto-sicon-title\" style=\"font-weight:700;font-size:1.3em;line-height:15px;color:#00425a;\">Ulkovarasto 10 000 m2<\/h3><\/div> <!-- header --><\/div><!-- porto-sicon-box -->[\/vc_column][\/vc_row][vc_row full_width=&#8221;stretch_row_content&#8221; no_padding=&#8221;yes&#8221; el_class=&#8221;main-frontpage&#8221;][vc_column width=&#8221;1\/2&#8243; css=&#8221;.vc_custom_1596548200640{border-top-width: 0px !important;padding-top: 0px !important;}&#8221; el_class=&#8221;mt-0 pt-0&#8243;]<div class=\"porto-section\"><section class=\" section section-primary m-b-none p-b-none  mt-0 pt-5\">[vc_custom_heading text=&#8221;ESIMERKKEJ\u00c4 TEHDYIST\u00c4 T\u00d6IST\u00c4&#8221; font_container=&#8221;tag:h2|font_size:28px|text_align:left&#8221; use_theme_fonts=&#8221;yes&#8221; css=&#8221;.vc_custom_1749215865147{margin-bottom: 25px !important;}&#8221; el_class=&#8221;col px-5 mx-5 pt-4&#8243;]<div class=\"porto-recent-portfolios classic wpb_content_element  mt-5 px-5 mx-5\">\n\t\n\t\n\t\t<div class=\"row\">\n\t\t\t<div class=\"portfolio-carousel porto-carousel owl-carousel nav-bottom\" data-plugin-options=\"{&quot;themeConfig&quot;:true,&quot;nav&quot;:&quot;yes&quot;,&quot;dots&quot;:false,&quot;lg&quot;:1,&quot;md&quot;:1,&quot;sm&quot;:1}\">\n\t\t<div class=\"portfolio-slide\">\t\t<div class=\"portfolio-item \">\n\t\t\t<a class=\"text-decoration-none\" >\n\t\t\t\t<span class=\"thumb-info thumb-info-lighten thumb-info-centered-icons\">\n\t\t\t\t\t<span class=\"thumb-info-wrapper\">\n\t\t\t\t\t\t<img loading=\"lazy\" decoding=\"async\" class=\"img-responsive\" width=\"1024\" height=\"768\" src=\"https:\/\/terasman.ee\/wp-content\/uploads\/2016\/06\/web1-1024x768.jpg\" alt=\"\" \/>\n\t\t\t\t\t\t\t\t\t\t\t\t\t<span class=\"thumb-info-title\">\n\t\t\t\t\t\t\t\t<span class=\"thumb-info-inner\">Laivojen lastaussilta \u2013 Norja<\/span>\n\t\t\t\t\t\t\t\t\t\t\t\t\t\t\t<\/span>\n\t\t\t\t\t\t\t\t\t\t\t\t\t\t\t\t\t\t\t\t<span class=\"thumb-info-action\">\n\t\t\t\t\t\t\t\t\t\t\t\t\t\t\t\t\t\t\t\t\t\t\t\t\t\t\t\t\t\t\t\t\t<span class=\"thumb-info-action-icon thumb-info-action-icon-light thumb-info-zoom zoom\" data-src=\"https:\/\/terasman.ee\/wp-content\/uploads\/2016\/06\/web1-scaled.jpg\" data-title=\"\"><i class=\"fas fa-search\"><\/i><\/span>\n\t\t\t\t\t\t\t\t\t\t\t\t\t\t\t<\/span>\n\t\t\t\t\t\t\t\t\t\t\t<\/span>\n\t\t\t\t<\/span>\n\t\t\t\t\t\t\t\t\t\t\t<\/a>\n\t\t<\/div>\n\t\t<\/div><div class=\"portfolio-slide\">\t\t<div class=\"portfolio-item \">\n\t\t\t<a class=\"text-decoration-none\" >\n\t\t\t\t<span class=\"thumb-info thumb-info-lighten thumb-info-centered-icons\">\n\t\t\t\t\t<span class=\"thumb-info-wrapper\">\n\t\t\t\t\t\t<img loading=\"lazy\" decoding=\"async\" class=\"img-responsive\" width=\"1024\" height=\"768\" src=\"https:\/\/terasman.ee\/wp-content\/uploads\/2016\/06\/web3-1024x768.jpg\" alt=\"\" \/>\n\t\t\t\t\t\t\t\t\t\t\t\t\t<span class=\"thumb-info-title\">\n\t\t\t\t\t\t\t\t<span class=\"thumb-info-inner\">100m3 Silo<\/span>\n\t\t\t\t\t\t\t\t\t\t\t\t\t\t\t<\/span>\n\t\t\t\t\t\t\t\t\t\t\t\t\t\t\t\t\t\t\t\t<span class=\"thumb-info-action\">\n\t\t\t\t\t\t\t\t\t\t\t\t\t\t\t\t\t\t\t\t\t\t\t\t\t\t\t\t\t\t\t\t\t<span class=\"thumb-info-action-icon thumb-info-action-icon-light thumb-info-zoom zoom\" data-src=\"https:\/\/terasman.ee\/wp-content\/uploads\/2016\/06\/web3-scaled.jpg\" data-title=\"\"><i class=\"fas fa-search\"><\/i><\/span>\n\t\t\t\t\t\t\t\t\t\t\t\t\t\t\t<\/span>\n\t\t\t\t\t\t\t\t\t\t\t<\/span>\n\t\t\t\t<\/span>\n\t\t\t\t\t\t\t\t\t\t\t<\/a>\n\t\t<\/div>\n\t\t<\/div><div class=\"portfolio-slide\">\t\t<div class=\"portfolio-item \">\n\t\t\t<a class=\"text-decoration-none\" >\n\t\t\t\t<span class=\"thumb-info thumb-info-lighten thumb-info-centered-icons\">\n\t\t\t\t\t<span class=\"thumb-info-wrapper\">\n\t\t\t\t\t\t<img loading=\"lazy\" decoding=\"async\" class=\"img-responsive\" width=\"1024\" height=\"768\" src=\"https:\/\/terasman.ee\/wp-content\/uploads\/2016\/06\/web5-1024x768.jpg\" alt=\"\" \/>\n\t\t\t\t\t\t\t\t\t\t\t\t\t<span class=\"thumb-info-title\">\n\t\t\t\t\t\t\t\t<span class=\"thumb-info-inner\">Perustuselementit<\/span>\n\t\t\t\t\t\t\t\t\t\t\t\t\t\t\t<\/span>\n\t\t\t\t\t\t\t\t\t\t\t\t\t\t\t\t\t\t\t\t<span class=\"thumb-info-action\">\n\t\t\t\t\t\t\t\t\t\t\t\t\t\t\t\t\t\t\t\t\t\t\t\t\t\t\t\t\t\t\t\t\t<span class=\"thumb-info-action-icon thumb-info-action-icon-light thumb-info-zoom zoom\" data-src=\"https:\/\/terasman.ee\/wp-content\/uploads\/2016\/06\/web5-scaled.jpg\" data-title=\"\"><i class=\"fas fa-search\"><\/i><\/span>\n\t\t\t\t\t\t\t\t\t\t\t\t\t\t\t<\/span>\n\t\t\t\t\t\t\t\t\t\t\t<\/span>\n\t\t\t\t<\/span>\n\t\t\t\t\t\t\t\t\t\t\t<\/a>\n\t\t<\/div>\n\t\t<\/div><div class=\"portfolio-slide\">\t\t<div class=\"portfolio-item \">\n\t\t\t<a class=\"text-decoration-none\" >\n\t\t\t\t<span class=\"thumb-info thumb-info-lighten thumb-info-centered-icons\">\n\t\t\t\t\t<span class=\"thumb-info-wrapper\">\n\t\t\t\t\t\t<img loading=\"lazy\" decoding=\"async\" class=\"img-responsive\" width=\"1024\" height=\"768\" src=\"https:\/\/terasman.ee\/wp-content\/uploads\/2016\/03\/web6-1024x768.jpg\" alt=\"\" \/>\n\t\t\t\t\t\t\t\t\t\t\t\t\t<span class=\"thumb-info-title\">\n\t\t\t\t\t\t\t\t<span class=\"thumb-info-inner\">Alkoholitehtaan s\u00e4ili\u00f6<\/span>\n\t\t\t\t\t\t\t\t\t\t\t\t\t\t\t<\/span>\n\t\t\t\t\t\t\t\t\t\t\t\t\t\t\t\t\t\t\t\t<span class=\"thumb-info-action\">\n\t\t\t\t\t\t\t\t\t\t\t\t\t\t\t\t\t\t\t\t\t\t\t\t\t\t\t\t\t\t\t\t\t<span class=\"thumb-info-action-icon thumb-info-action-icon-light thumb-info-zoom zoom\" data-src=\"https:\/\/terasman.ee\/wp-content\/uploads\/2016\/03\/web6-scaled.jpg\" data-title=\"\"><i class=\"fas fa-search\"><\/i><\/span>\n\t\t\t\t\t\t\t\t\t\t\t\t\t\t\t<\/span>\n\t\t\t\t\t\t\t\t\t\t\t<\/span>\n\t\t\t\t<\/span>\n\t\t\t\t\t\t\t\t\t\t\t<\/a>\n\t\t<\/div>\n\t\t<\/div><div class=\"portfolio-slide\">\t\t<div class=\"portfolio-item \">\n\t\t\t<a class=\"text-decoration-none\" >\n\t\t\t\t<span class=\"thumb-info thumb-info-lighten thumb-info-centered-icons\">\n\t\t\t\t\t<span class=\"thumb-info-wrapper\">\n\t\t\t\t\t\t<img loading=\"lazy\" decoding=\"async\" class=\"img-responsive\" width=\"1024\" height=\"768\" src=\"https:\/\/terasman.ee\/wp-content\/uploads\/2020\/08\/Wet-ash-conveyor-scaled-1-1024x768.jpg\" alt=\"\" \/>\n\t\t\t\t\t\t\t\t\t\t\t\t\t<span class=\"thumb-info-title\">\n\t\t\t\t\t\t\t\t<span class=\"thumb-info-inner\">Hihnakuljetimet<\/span>\n\t\t\t\t\t\t\t\t\t\t\t\t\t\t\t<\/span>\n\t\t\t\t\t\t\t\t\t\t\t\t\t\t\t\t\t\t\t\t<span class=\"thumb-info-action\">\n\t\t\t\t\t\t\t\t\t\t\t\t\t\t\t\t\t\t\t\t\t\t\t\t\t\t\t\t\t\t\t\t\t<span class=\"thumb-info-action-icon thumb-info-action-icon-light thumb-info-zoom zoom\" data-src=\"https:\/\/terasman.ee\/wp-content\/uploads\/2020\/08\/Wet-ash-conveyor-scaled-1.jpg\" data-title=\"\"><i class=\"fas fa-search\"><\/i><\/span>\n\t\t\t\t\t\t\t\t\t\t\t\t\t\t\t<\/span>\n\t\t\t\t\t\t\t\t\t\t\t<\/span>\n\t\t\t\t<\/span>\n\t\t\t\t\t\t\t\t\t\t\t<\/a>\n\t\t<\/div>\n\t\t<\/div><div class=\"portfolio-slide\">\t\t<div class=\"portfolio-item \">\n\t\t\t<a class=\"text-decoration-none\" >\n\t\t\t\t<span class=\"thumb-info thumb-info-lighten thumb-info-centered-icons\">\n\t\t\t\t\t<span class=\"thumb-info-wrapper\">\n\t\t\t\t\t\t<img loading=\"lazy\" decoding=\"async\" class=\"img-responsive\" width=\"1024\" height=\"768\" src=\"https:\/\/terasman.ee\/wp-content\/uploads\/2016\/01\/web9-1024x768.jpg\" alt=\"\" \/>\n\t\t\t\t\t\t\t\t\t\t\t\t\t<span class=\"thumb-info-title\">\n\t\t\t\t\t\t\t\t<span class=\"thumb-info-inner\">Ruostumattomasta ter\u00e4ksest\u00e4 valmistetut kanavat<\/span>\n\t\t\t\t\t\t\t\t\t\t\t\t\t\t\t<\/span>\n\t\t\t\t\t\t\t\t\t\t\t\t\t\t\t\t\t\t\t\t<span class=\"thumb-info-action\">\n\t\t\t\t\t\t\t\t\t\t\t\t\t\t\t\t\t\t\t\t\t\t\t\t\t\t\t\t\t\t\t\t\t<span class=\"thumb-info-action-icon thumb-info-action-icon-light thumb-info-zoom zoom\" data-src=\"https:\/\/terasman.ee\/wp-content\/uploads\/2016\/01\/web9.jpg\" data-title=\"\"><i class=\"fas fa-search\"><\/i><\/span>\n\t\t\t\t\t\t\t\t\t\t\t\t\t\t\t<\/span>\n\t\t\t\t\t\t\t\t\t\t\t<\/span>\n\t\t\t\t<\/span>\n\t\t\t\t\t\t\t\t\t\t\t<\/a>\n\t\t<\/div>\n\t\t<\/div><div class=\"portfolio-slide\">\t\t<div class=\"portfolio-item \">\n\t\t\t<a class=\"text-decoration-none\" >\n\t\t\t\t<span class=\"thumb-info thumb-info-lighten thumb-info-centered-icons\">\n\t\t\t\t\t<span class=\"thumb-info-wrapper\">\n\t\t\t\t\t\t<img loading=\"lazy\" decoding=\"async\" class=\"img-responsive\" width=\"1024\" height=\"768\" src=\"https:\/\/terasman.ee\/wp-content\/uploads\/2016\/01\/web10-1024x768.jpg\" alt=\"\" \/>\n\t\t\t\t\t\t\t\t\t\t\t\t\t<span class=\"thumb-info-title\">\n\t\t\t\t\t\t\t\t<span class=\"thumb-info-inner\">Kehtopuomi<\/span>\n\t\t\t\t\t\t\t\t\t\t\t\t\t\t\t<\/span>\n\t\t\t\t\t\t\t\t\t\t\t\t\t\t\t\t\t\t\t\t<span class=\"thumb-info-action\">\n\t\t\t\t\t\t\t\t\t\t\t\t\t\t\t\t\t\t\t\t\t\t\t\t\t\t\t\t\t\t\t\t\t<span class=\"thumb-info-action-icon thumb-info-action-icon-light thumb-info-zoom zoom\" data-src=\"https:\/\/terasman.ee\/wp-content\/uploads\/2016\/01\/web10.jpg\" data-title=\"\"><i class=\"fas fa-search\"><\/i><\/span>\n\t\t\t\t\t\t\t\t\t\t\t\t\t\t\t<\/span>\n\t\t\t\t\t\t\t\t\t\t\t<\/span>\n\t\t\t\t<\/span>\n\t\t\t\t\t\t\t\t\t\t\t<\/a>\n\t\t<\/div>\n\t\t<\/div><div class=\"portfolio-slide\">\t\t<div class=\"portfolio-item \">\n\t\t\t<a class=\"text-decoration-none\" >\n\t\t\t\t<span class=\"thumb-info thumb-info-lighten thumb-info-centered-icons\">\n\t\t\t\t\t<span class=\"thumb-info-wrapper\">\n\t\t\t\t\t\t<img loading=\"lazy\" decoding=\"async\" class=\"img-responsive\" width=\"1024\" height=\"768\" src=\"https:\/\/terasman.ee\/wp-content\/uploads\/2016\/01\/web11-1024x768.jpg\" alt=\"\" \/>\n\t\t\t\t\t\t\t\t\t\t\t\t\t<span class=\"thumb-info-title\">\n\t\t\t\t\t\t\t\t<span class=\"thumb-info-inner\">Painevedell\u00e4 toimivan kuljettimen osia<\/span>\n\t\t\t\t\t\t\t\t\t\t\t\t\t\t\t<\/span>\n\t\t\t\t\t\t\t\t\t\t\t\t\t\t\t\t\t\t\t\t<span class=\"thumb-info-action\">\n\t\t\t\t\t\t\t\t\t\t\t\t\t\t\t\t\t\t\t\t\t\t\t\t\t\t\t\t\t\t\t\t\t<span class=\"thumb-info-action-icon thumb-info-action-icon-light thumb-info-zoom zoom\" data-src=\"https:\/\/terasman.ee\/wp-content\/uploads\/2016\/01\/web11-scaled.jpg\" data-title=\"\"><i class=\"fas fa-search\"><\/i><\/span>\n\t\t\t\t\t\t\t\t\t\t\t\t\t\t\t<\/span>\n\t\t\t\t\t\t\t\t\t\t\t<\/span>\n\t\t\t\t<\/span>\n\t\t\t\t\t\t\t\t\t\t\t<\/a>\n\t\t<\/div>\n\t\t<\/div>\t\t<\/div>\n\t\t<\/div>\n\t\n\t\n\t<\/div><\/section><\/div>[\/vc_column][vc_column width=&#8221;1\/2&#8243; is_section=&#8221;yes&#8221; section_skin=&#8221;secondary&#8221; el_class=&#8221;pl-2 pr-5 mt-0 pt-4&#8243;][vc_row_inner el_class=&#8221;mt-1 pt-5&#8243;][vc_column_inner width=&#8221;1\/3&#8243;][vc_custom_heading text=&#8221;<b>P\u00e4\u00e4tuoteperheit\u00e4mme ovat::<\/b>&#8221; font_container=&#8221;tag:h4|text_align:left|color:%23005d7c&#8221; use_theme_fonts=&#8221;yes&#8221; el_class=&#8221;col-half-section col-half-section-right pl-4 pt-2 pb-3&#8243; css=&#8221;.vc_custom_1749119220672{margin-bottom: 25px !important;}&#8221;][vc_column_text el_class=&#8221;col-half-section col-half-section-right&#8221;]<\/p>\n<ul style=\"color: #005d7c; font-size: 16px;\">\n<li>Teollisten koneiden ja laitteiden valmistus<\/li>\n<li>Profiiliter\u00e4srunkojen valmistus ja pintak\u00e4sittely<\/li>\n<li>Hitsausty\u00f6t (my\u00f6s rst)<\/li>\n<\/ul>\n<p>[\/vc_column_text][\/vc_column_inner][vc_column_inner width=&#8221;1\/3&#8243;][vc_custom_heading text=&#8221;<b>Vahvuutemme:<\/b>&#8221; font_container=&#8221;tag:h4|text_align:left|color:%23005d7c&#8221; use_theme_fonts=&#8221;yes&#8221; el_class=&#8221;col-half-section col-half-section-right pl-4 pt-2 pb-3&#8243; css=&#8221;.vc_custom_1749119275499{margin-bottom: 25px !important;}&#8221;][vc_column_text el_class=&#8221;col-half-section col-half-section-right&#8221;]<\/p>\n<ul style=\"color: #005d7c; font-size: 16px;\">\n<li>Nopeus ja joustavuus<\/li>\n<li>Teollisten projektien suunnittelu, toteutus sek\u00e4 hallinta<\/li>\n<li>Korkea laatu ja pit\u00e4v\u00e4t toimitusajat<\/li>\n<li>Ammattitaitoinen henkil\u00f6kunta<\/li>\n<li>Asennuspalvelut<\/li>\n<\/ul>\n<p>[\/vc_column_text][\/vc_column_inner][vc_column_inner width=&#8221;1\/3&#8243;][vc_custom_heading text=&#8221;<b>Laatu:<\/b>&#8221; font_container=&#8221;tag:h4|text_align:left|color:%23005d7c&#8221; use_theme_fonts=&#8221;yes&#8221; el_class=&#8221;col-half-section col-half-section-right pl-4 pt-2 pb-3&#8243; css=&#8221;.vc_custom_1749119310914{margin-bottom: 25px !important;}&#8221;][vc_column_text el_class=&#8221;col-half-section col-half-section-right&#8221;]<\/p>\n<ul style=\"color: #005d7c; font-size: 16px; line-height: 31px;\">\n<li>ISO9001:2015<\/li>\n<li>ISO14001:2015<\/li>\n<li>ISO45001:2018<\/li>\n<li>EN3834-2<\/li>\n<li>EN1090-1<\/li>\n<li>EN1090-2 EXC3<\/li>\n<\/ul>\n<p>[\/vc_column_text][\/vc_column_inner][\/vc_row_inner][\/vc_column][\/vc_row][vc_row wrap_container=&#8221;yes&#8221; section_skin=&#8221;parallax&#8221; css=&#8221;.vc_custom_1542119252244{padding-top: 80px !important;padding-bottom: 50px !important;}&#8221;][vc_column]<div class=\"porto-carousel owl-carousel has-ccols ccols-xl-7 ccols-lg-7 ccols-md-5 ccols-sm-3 ccols-2 hover-effect-3 nav-pos-outside nav-style-1 show-nav-hover\" data-plugin-options=\"{&quot;stagePadding&quot;:0,&quot;margin&quot;:0,&quot;autoplay&quot;:false,&quot;autoplayTimeout&quot;:5000,&quot;autoplayHoverPause&quot;:false,&quot;items&quot;:7,&quot;lg&quot;:7,&quot;md&quot;:5,&quot;sm&quot;:3,&quot;xs&quot;:2,&quot;nav&quot;:&quot;yes&quot;,&quot;dots&quot;:false,&quot;animateIn&quot;:&quot;&quot;,&quot;animateOut&quot;:&quot;&quot;,&quot;loop&quot;:false,&quot;center&quot;:false,&quot;video&quot;:false,&quot;lazyLoad&quot;:false,&quot;fullscreen&quot;:false}\">[vc_single_image image=&#8221;4713&#8243; img_size=&#8221;80&#215;64&#8243;][vc_single_image image=&#8221;4720&#8243; img_size=&#8221;100&#215;50&#8243;][vc_single_image image=&#8221;4715&#8243; img_size=&#8221;120&#215;51&#8243;][vc_single_image image=&#8221;4716&#8243; img_size=&#8221;110&#215;15&#8243; el_class=&#8221;pt-4&#8243;][vc_single_image image=&#8221;8614&#8243; img_size=&#8221;110&#215;40&#8243; onclick=&#8221;custom_link&#8221; img_link_target=&#8221;_blank&#8221; el_class=&#8221;pt-2&#8243; link=&#8221;http:\/\/bmark.ee&#8221;][vc_single_image image=&#8221;4717&#8243; img_size=&#8221;210&#215;50&#8243; el_class=&#8221;mt-3&#8243;][vc_single_image image=&#8221;4718&#8243; img_size=&#8221;110&#215;21&#8243; alignment=&#8221;center&#8221; el_class=&#8221;mt-3 pl-4&#8243;][vc_single_image image=&#8221;4719&#8243; img_size=&#8221;100&#215;18&#8243; alignment=&#8221;center&#8221; el_class=&#8221;pt-3 mt-1&#8243;][vc_single_image image=&#8221;4722&#8243; img_size=&#8221;120\u044549&#8243; alignment=&#8221;center&#8221; el_class=&#8221;pt-2&#8243;]<\/div>[\/vc_column][\/vc_row]<\/p>\n","protected":false},"excerpt":{"rendered":"<p>[vc_row wrap_container=&#8221;yes&#8221; css=&#8221;.vc_custom_1543845513575{padding-top: 88px !important;padding-bottom: 55px !important;}&#8221;][vc_column offset=&#8221;vc_col-md-4&#8243; animation_type=&#8221;fadeInLeft&#8221;][\/vc_column][vc_column animation_delay=&#8221;200&#8243; offset=&#8221;vc_col-md-4&#8243; animation_type=&#8221;fadeInLeft&#8221;][\/vc_column][vc_column animation_delay=&#8221;400&#8243; offset=&#8221;vc_col-md-4&#8243; animation_type=&#8221;fadeInLeft&#8221;][\/vc_column][vc_column animation_delay=&#8221;800&#8243; offset=&#8221;vc_col-md-4&#8243; animation_type=&#8221;fadeInRight&#8221;][\/vc_column][vc_column animation_delay=&#8221;600&#8243; offset=&#8221;vc_col-md-4&#8243; animation_type=&#8221;fadeInRight&#8221;][\/vc_column][vc_column animation_delay=&#8221;400&#8243; offset=&#8221;vc_col-md-4&#8243; animation_type=&#8221;fadeInRight&#8221;][\/vc_column][\/vc_row][vc_row full_width=&#8221;stretch_row_content&#8221; no_padding=&#8221;yes&#8221; el_class=&#8221;main-frontpage&#8221;][vc_column width=&#8221;1\/2&#8243; css=&#8221;.vc_custom_1596548200640{border-top-width: 0px !important;padding-top: 0px !important;}&#8221; el_class=&#8221;mt-0 pt-0&#8243;][\/vc_column][vc_column width=&#8221;1\/2&#8243; is_section=&#8221;yes&#8221; section_skin=&#8221;secondary&#8221; el_class=&#8221;pl-2 pr-5 mt-0 pt-4&#8243;][vc_row_inner el_class=&#8221;mt-1 pt-5&#8243;][vc_column_inner width=&#8221;1\/3&#8243;][vc_custom_heading text=&#8221;P\u00e4\u00e4tuoteperheit\u00e4mme ovat::&#8221; font_container=&#8221;tag:h4|text_align:left|color:%23005d7c&#8221; use_theme_fonts=&#8221;yes&#8221; el_class=&#8221;col-half-section col-half-section-right pl-4 pt-2 pb-3&#8243; css=&#8221;.vc_custom_1749119220672{margin-bottom: [&hellip;]<\/p>\n","protected":false},"author":1,"featured_media":0,"parent":0,"menu_order":0,"comment_status":"closed","ping_status":"closed","template":"","meta":{"_acf_changed":false,"footnotes":""},"class_list":["post-8613","page","type-page","status-publish","hentry"],"acf":[],"_links":{"self":[{"href":"https:\/\/terasman.ee\/fi\/wp-json\/wp\/v2\/pages\/8613"}],"collection":[{"href":"https:\/\/terasman.ee\/fi\/wp-json\/wp\/v2\/pages"}],"about":[{"href":"https:\/\/terasman.ee\/fi\/wp-json\/wp\/v2\/types\/page"}],"author":[{"embeddable":true,"href":"https:\/\/terasman.ee\/fi\/wp-json\/wp\/v2\/users\/1"}],"replies":[{"embeddable":true,"href":"https:\/\/terasman.ee\/fi\/wp-json\/wp\/v2\/comments?post=8613"}],"version-history":[{"count":8,"href":"https:\/\/terasman.ee\/fi\/wp-json\/wp\/v2\/pages\/8613\/revisions"}],"predecessor-version":[{"id":8794,"href":"https:\/\/terasman.ee\/fi\/wp-json\/wp\/v2\/pages\/8613\/revisions\/8794"}],"wp:attachment":[{"href":"https:\/\/terasman.ee\/fi\/wp-json\/wp\/v2\/media?parent=8613"}],"curies":[{"name":"wp","href":"https:\/\/api.w.org\/{rel}","templated":true}]}}