{"id":8621,"date":"2016-06-14T01:43:48","date_gmt":"2016-06-14T01:43:48","guid":{"rendered":"https:\/\/terasman.ee\/meist\/"},"modified":"2025-06-06T12:21:32","modified_gmt":"2025-06-06T10:21:32","slug":"meista","status":"publish","type":"page","link":"https:\/\/terasman.ee\/fi\/meista\/","title":{"rendered":"Meist\u00e4"},"content":{"rendered":"<p>[vc_row is_section=&#8221;yes&#8221; section_skin=&#8221;parallax&#8221; remove_margin_top=&#8221;yes&#8221; remove_margin_bottom=&#8221;yes&#8221; remove_border=&#8221;yes&#8221;][vc_column width=&#8221;5\/12&#8243; el_class=&#8221;order-md-2&#8243;][vc_single_image image=&#8221;6945&#8243; img_size=&#8221;full&#8221; alignment=&#8221;right&#8221; animation_delay=&#8221;100&#8243; animation_type=&#8221;fadeInRight&#8221; el_class=&#8221;mb-4&#8243;][\/vc_column][vc_column width=&#8221;7\/12&#8243;][vc_row_inner el_class=&#8221;overflow-hidden&#8221;][vc_column_inner]<div class=\"porto-u-heading\" data-hspacer=\"no_spacer\" data-halign=\"left\" style=\"text-align:left\" data-appear-animation=\"maskUp\" data-appear-animation-delay=\"300\"><div class=\"porto-u-main-heading\"><h2 style=\"font-weight:700;margin-bottom: 10px;font-size:32px;\">Terasman O\u00dc<\/h2><\/div><\/div>[\/vc_column_inner][\/vc_row_inner][vc_column_text css_animation=&#8221;fadeInUp&#8221;]Terasman OU \u2013 ter\u00e4ksist\u00e4 valmistusta jo vuodesta 2001. Olemme ammattitaitoinen, nopea ja joustava konepaja l\u00e4hell\u00e4 Tallinnaa.<\/p>\n<p>Asiakkaitamme ovat t\u00e4ll\u00e4 hetkell\u00e4 Euroopan johtavat bulk-materiaalien k\u00e4sittelij\u00e4t sek\u00e4 erilaisten ter\u00e4srunkojen\/-ter\u00e4srakenteiden rakentajat. L\u00e4hes kaikki tuotteemme menev\u00e4t vientiin.<\/p>\n<p>Aloitimme pienen\u00e4 yrityksen\u00e4 2001 &#8211; valmistamalla ter\u00e4srunkoja. Vuosien varrella osaamisemme sek\u00e4 tuotantomme on kehittynyt ja kasvanut. T\u00e4ll\u00e4 hetkell\u00e4 suunnittelemme sek\u00e4 valmistamme kehittyneit\u00e4, testattuja laiteratkaisuja asiakkaillemme.[\/vc_column_text][vc_separator color=&#8221;custom&#8221; css_animation=&#8221;fadeInUp&#8221; style=&#8221;solid&#8221; gap=&#8221;tall&#8221; accent_color=&#8221;rgba(0,0,0,0.06)&#8221;][vc_row_inner animation_delay=&#8221;500&#8243; animation_type=&#8221;fadeInUp&#8221;][vc_column_inner offset=&#8221;vc_col-md-6&#8243;][vc_btn title=&#8221;PALVELUMME&#8221; style=&#8221;modern&#8221; skin=&#8221;dark&#8221; el_class=&#8221;mr-1&#8243; link=&#8221;url:https%3A%2F%2Fterasman.ee%2Ffi%2Fpalvelumme%2F|title:Palvelumme||&#8221;][vc_btn title=&#8221;YHTEYDENOTTO&#8221; style=&#8221;modern&#8221; skin=&#8221;primary&#8221; link=&#8221;url:https%3A%2F%2Fterasman.ee%2Ffi%2Fyhteystiedot%2F|title:yhteystiedot||&#8221;][\/vc_column_inner][\/vc_row_inner][\/vc_column][\/vc_row][vc_row wrap_container=&#8221;yes&#8221; el_class=&#8221;export-percentage-full-width&#8221; el_id=&#8221;export-percentage-full-width&#8221;][vc_column][vc_single_image image=&#8221;6833&#8243; img_size=&#8221;full&#8221; alignment=&#8221;center&#8221;][\/vc_column][\/vc_row][vc_row full_width=&#8221;stretch_row&#8221; remove_margin_top=&#8221;yes&#8221; remove_margin_bottom=&#8221;yes&#8221; remove_border=&#8221;yes&#8221; el_class=&#8221;pt-5&#8243; css=&#8221;.vc_custom_1595924271143{background-color: #f3f4f3 !important;}&#8221;][vc_column][vc_row_inner el_class=&#8221;overflow-hidden&#8221;][vc_column_inner][vc_custom_heading text=&#8221;<b>PROJEKTIT<\/b>&#8221; font_container=&#8221;tag:h2|font_size:25|text_align:left&#8221; use_theme_fonts=&#8221;yes&#8221; css_animation=&#8221;fadeInUp&#8221; el_class=&#8221;m-b-none&#8221;][\/vc_column_inner][\/vc_row_inner][vc_row_inner el_class=&#8221;overflow-hidden&#8221;][vc_column_inner][vc_column_text css_animation=&#8221;fadeInUp&#8221; el_class=&#8221;m-b&#8221;]Pieni otanta tehdyist\u00e4 projekteistamme[\/vc_column_text][\/vc_column_inner][\/vc_row_inner]<div class=\"porto-recent-portfolios default wpb_content_element  portfolio-projects-gallery\" data-appear-animation=\"fadeInUp\" data-appear-animation-delay=\"100\">\n\t\n\t\n\t\t<div class=\"row\">\n\t\t\t<div class=\"portfolio-carousel porto-carousel owl-carousel\" data-plugin-options=\"{&quot;themeConfig&quot;:true,&quot;lg&quot;:4,&quot;md&quot;:3,&quot;sm&quot;:2}\">\n\t\t<div class=\"portfolio-slide\">\t\t<div class=\"portfolio-item default\">\n\t\t\t<a class=\"text-decoration-none\" >\n\t\t\t\t<span class=\"thumb-info thumb-info-lighten thumb-info-bottom-info thumb-info-centered-icons\">\n\t\t\t\t\t<span class=\"thumb-info-wrapper\">\n\t\t\t\t\t\t<img loading=\"lazy\" decoding=\"async\" class=\"img-responsive\" width=\"367\" height=\"367\" src=\"https:\/\/terasman.ee\/wp-content\/uploads\/2016\/06\/web1-367x367.jpg\" alt=\"\" \/>\n\t\t\t\t\t\t\t\t\t\t\t\t\t<span class=\"thumb-info-title\">\n\t\t\t\t\t\t\t\t<span class=\"thumb-info-inner\">Laivojen lastaussilta \u2013 Norja<\/span>\n\t\t\t\t\t\t\t\t\t\t\t\t\t\t\t<\/span>\n\t\t\t\t\t\t\t\t\t\t\t\t\t\t\t\t\t\t\t\t<span class=\"thumb-info-action\">\n\t\t\t\t\t\t\t\t\t\t\t\t\t\t\t\t\t\t\t\t\t\t\t\t\t\t\t\t\t\t\t\t\t<span class=\"thumb-info-action-icon thumb-info-action-icon-light thumb-info-zoom zoom\" data-src=\"https:\/\/terasman.ee\/wp-content\/uploads\/2016\/06\/web1-scaled.jpg\" data-title=\"\"><i class=\"fas fa-search\"><\/i><\/span>\n\t\t\t\t\t\t\t\t\t\t\t\t\t\t\t<\/span>\n\t\t\t\t\t\t\t\t\t\t\t<\/span>\n\t\t\t\t<\/span>\n\t\t\t\t\t\t\t\t\t\t\t<\/a>\n\t\t<\/div>\n\t\t<\/div><div class=\"portfolio-slide\">\t\t<div class=\"portfolio-item default\">\n\t\t\t<a class=\"text-decoration-none\" >\n\t\t\t\t<span class=\"thumb-info thumb-info-lighten thumb-info-bottom-info thumb-info-centered-icons\">\n\t\t\t\t\t<span class=\"thumb-info-wrapper\">\n\t\t\t\t\t\t<img loading=\"lazy\" decoding=\"async\" class=\"img-responsive\" width=\"367\" height=\"367\" src=\"https:\/\/terasman.ee\/wp-content\/uploads\/2016\/06\/web3-367x367.jpg\" alt=\"\" \/>\n\t\t\t\t\t\t\t\t\t\t\t\t\t<span class=\"thumb-info-title\">\n\t\t\t\t\t\t\t\t<span class=\"thumb-info-inner\">100m3 Silo<\/span>\n\t\t\t\t\t\t\t\t\t\t\t\t\t\t\t<\/span>\n\t\t\t\t\t\t\t\t\t\t\t\t\t\t\t\t\t\t\t\t<span class=\"thumb-info-action\">\n\t\t\t\t\t\t\t\t\t\t\t\t\t\t\t\t\t\t\t\t\t\t\t\t\t\t\t\t\t\t\t\t\t<span class=\"thumb-info-action-icon thumb-info-action-icon-light thumb-info-zoom zoom\" data-src=\"https:\/\/terasman.ee\/wp-content\/uploads\/2016\/06\/web3-scaled.jpg\" data-title=\"\"><i class=\"fas fa-search\"><\/i><\/span>\n\t\t\t\t\t\t\t\t\t\t\t\t\t\t\t<\/span>\n\t\t\t\t\t\t\t\t\t\t\t<\/span>\n\t\t\t\t<\/span>\n\t\t\t\t\t\t\t\t\t\t\t<\/a>\n\t\t<\/div>\n\t\t<\/div><div class=\"portfolio-slide\">\t\t<div class=\"portfolio-item default\">\n\t\t\t<a class=\"text-decoration-none\" >\n\t\t\t\t<span class=\"thumb-info thumb-info-lighten thumb-info-bottom-info thumb-info-centered-icons\">\n\t\t\t\t\t<span class=\"thumb-info-wrapper\">\n\t\t\t\t\t\t<img loading=\"lazy\" decoding=\"async\" class=\"img-responsive\" width=\"367\" height=\"367\" src=\"https:\/\/terasman.ee\/wp-content\/uploads\/2016\/06\/web5-367x367.jpg\" alt=\"\" \/>\n\t\t\t\t\t\t\t\t\t\t\t\t\t<span class=\"thumb-info-title\">\n\t\t\t\t\t\t\t\t<span class=\"thumb-info-inner\">Perustuselementit<\/span>\n\t\t\t\t\t\t\t\t\t\t\t\t\t\t\t<\/span>\n\t\t\t\t\t\t\t\t\t\t\t\t\t\t\t\t\t\t\t\t<span class=\"thumb-info-action\">\n\t\t\t\t\t\t\t\t\t\t\t\t\t\t\t\t\t\t\t\t\t\t\t\t\t\t\t\t\t\t\t\t\t<span class=\"thumb-info-action-icon thumb-info-action-icon-light thumb-info-zoom zoom\" data-src=\"https:\/\/terasman.ee\/wp-content\/uploads\/2016\/06\/web5-scaled.jpg\" data-title=\"\"><i class=\"fas fa-search\"><\/i><\/span>\n\t\t\t\t\t\t\t\t\t\t\t\t\t\t\t<\/span>\n\t\t\t\t\t\t\t\t\t\t\t<\/span>\n\t\t\t\t<\/span>\n\t\t\t\t\t\t\t\t\t\t\t<\/a>\n\t\t<\/div>\n\t\t<\/div><div class=\"portfolio-slide\">\t\t<div class=\"portfolio-item default\">\n\t\t\t<a class=\"text-decoration-none\" >\n\t\t\t\t<span class=\"thumb-info thumb-info-lighten thumb-info-bottom-info thumb-info-centered-icons\">\n\t\t\t\t\t<span class=\"thumb-info-wrapper\">\n\t\t\t\t\t\t<img loading=\"lazy\" decoding=\"async\" class=\"img-responsive\" width=\"367\" height=\"367\" src=\"https:\/\/terasman.ee\/wp-content\/uploads\/2016\/03\/web6-367x367.jpg\" alt=\"\" \/>\n\t\t\t\t\t\t\t\t\t\t\t\t\t<span class=\"thumb-info-title\">\n\t\t\t\t\t\t\t\t<span class=\"thumb-info-inner\">Alkoholitehtaan s\u00e4ili\u00f6<\/span>\n\t\t\t\t\t\t\t\t\t\t\t\t\t\t\t<\/span>\n\t\t\t\t\t\t\t\t\t\t\t\t\t\t\t\t\t\t\t\t<span class=\"thumb-info-action\">\n\t\t\t\t\t\t\t\t\t\t\t\t\t\t\t\t\t\t\t\t\t\t\t\t\t\t\t\t\t\t\t\t\t<span class=\"thumb-info-action-icon thumb-info-action-icon-light thumb-info-zoom zoom\" data-src=\"https:\/\/terasman.ee\/wp-content\/uploads\/2016\/03\/web6-scaled.jpg\" data-title=\"\"><i class=\"fas fa-search\"><\/i><\/span>\n\t\t\t\t\t\t\t\t\t\t\t\t\t\t\t<\/span>\n\t\t\t\t\t\t\t\t\t\t\t<\/span>\n\t\t\t\t<\/span>\n\t\t\t\t\t\t\t\t\t\t\t<\/a>\n\t\t<\/div>\n\t\t<\/div><div class=\"portfolio-slide\">\t\t<div class=\"portfolio-item default\">\n\t\t\t<a class=\"text-decoration-none\" >\n\t\t\t\t<span class=\"thumb-info thumb-info-lighten thumb-info-bottom-info thumb-info-centered-icons\">\n\t\t\t\t\t<span class=\"thumb-info-wrapper\">\n\t\t\t\t\t\t<img loading=\"lazy\" decoding=\"async\" class=\"img-responsive\" width=\"367\" height=\"367\" src=\"https:\/\/terasman.ee\/wp-content\/uploads\/2020\/08\/Wet-ash-conveyor-scaled-1-367x367.jpg\" alt=\"\" \/>\n\t\t\t\t\t\t\t\t\t\t\t\t\t<span class=\"thumb-info-title\">\n\t\t\t\t\t\t\t\t<span class=\"thumb-info-inner\">Hihnakuljetimet<\/span>\n\t\t\t\t\t\t\t\t\t\t\t\t\t\t\t<\/span>\n\t\t\t\t\t\t\t\t\t\t\t\t\t\t\t\t\t\t\t\t<span class=\"thumb-info-action\">\n\t\t\t\t\t\t\t\t\t\t\t\t\t\t\t\t\t\t\t\t\t\t\t\t\t\t\t\t\t\t\t\t\t<span class=\"thumb-info-action-icon thumb-info-action-icon-light thumb-info-zoom zoom\" data-src=\"https:\/\/terasman.ee\/wp-content\/uploads\/2020\/08\/Wet-ash-conveyor-scaled-1.jpg\" data-title=\"\"><i class=\"fas fa-search\"><\/i><\/span>\n\t\t\t\t\t\t\t\t\t\t\t\t\t\t\t<\/span>\n\t\t\t\t\t\t\t\t\t\t\t<\/span>\n\t\t\t\t<\/span>\n\t\t\t\t\t\t\t\t\t\t\t<\/a>\n\t\t<\/div>\n\t\t<\/div>\t\t<\/div>\n\t\t<\/div>\n\t\n\t\n\t<\/div>[\/vc_column][\/vc_row][vc_row][vc_column][vc_custom_heading text=&#8221;<b>Historiamme<\/b>&#8221; font_container=&#8221;tag:h3|font_size:21|text_align:center|line_height:1&#8243; use_theme_fonts=&#8221;yes&#8221; css_animation=&#8221;none&#8221; el_class=&#8221;mb-2&#8243;][vc_column_text el_class=&#8221;text-center&#8221;]Lyhyt katsaus yritykseemme[\/vc_column_text]<section class=\"timeline\"><div class=\"timeline-body\"><div class=\"timeline-date\"><h3 class=\"time-text font-weight-bold font-size-sm\">2019<\/h3><\/div><article class=\"timeline-box left\" data-appear-animation=\"fadeIn\"><div><h4 class=\"timeline-item-title\"><\/h4><div class=\"timeline-item-content\">Uusia koneita ja laitteita tuotantoon.<\/div><\/div><\/article><div class=\"timeline-date\"><h3 class=\"time-text font-weight-bold font-size-sm\">2017-2018<\/h3><\/div><article class=\"timeline-box right\" data-appear-animation=\"fadeIn\"><div><h4 class=\"timeline-item-title\"><\/h4><div class=\"timeline-item-content\">Useita onnistuneita projekteja mm. puupellettilaitos Ruotsiin.<\/div><\/div><\/article><div class=\"timeline-date\"><h3 class=\"time-text font-weight-bold font-size-sm\">2016<\/h3><\/div><article class=\"timeline-box left\" data-appear-animation=\"fadeIn\"><div><h4 class=\"timeline-item-title\"><\/h4><div class=\"timeline-item-content\">Merkkipaalu = biomassa boilerin sy\u00f6tt\u00f6j\u00e4rjestelm\u00e4 itse suunniteltuna, valmistettuna ja toimitettuna onnistuneesti (UK).<\/div><\/div><\/article><div class=\"timeline-date\"><h3 class=\"time-text font-weight-bold font-size-sm\">2015<\/h3><\/div><article class=\"timeline-box right\" data-appear-animation=\"fadeIn\"><div><h4 class=\"timeline-item-title\"><\/h4><div class=\"timeline-item-content\">Uusien (nykyisten) tuotantotilojen hankinta Aravedelt\u00e4. Tuotantokapasiteetin moninkertaistuminen.<\/div><\/div><\/article><div class=\"timeline-date\"><h3 class=\"time-text font-weight-bold font-size-sm\">2014<\/h3><\/div><article class=\"timeline-box left\" data-appear-animation=\"fadeIn\"><div><h4 class=\"timeline-item-title\"><\/h4><div class=\"timeline-item-content\">P\u00e4\u00e4t\u00f6s tuotannon siirt\u00e4misest\u00e4 Aravedelle.<\/div><\/div><\/article><div class=\"timeline-date\"><h3 class=\"time-text font-weight-bold font-size-sm\">2011<\/h3><\/div><article class=\"timeline-box right\" data-appear-animation=\"fadeIn\"><div><h4 class=\"timeline-item-title\"><\/h4><div class=\"timeline-item-content\">Tehdaslaajennus ja uusi maalauslinja Tallinnan tehtaalle. Ty\u00f6ntekij\u00f6it\u00e4 yhteens\u00e4 92. Aravedell\u00e4 60 ja Tallinnassa 9 henkil\u00f6\u00e4.<\/div><\/div><\/article><div class=\"timeline-date\"><h3 class=\"time-text font-weight-bold font-size-sm\">2009<\/h3><\/div><article class=\"timeline-box left\" data-appear-animation=\"fadeIn\"><div><h4 class=\"timeline-item-title\"><\/h4><div class=\"timeline-item-content\">Uudet standardit ISO 9000, EN ISO 3834-2:2005, DIN 18800-7:2002-09, class D k\u00e4ytt\u00f6\u00f6n.<\/div><\/div><\/article><div class=\"timeline-date\"><h3 class=\"time-text font-weight-bold font-size-sm\">2008<\/h3><\/div><article class=\"timeline-box right\" data-appear-animation=\"fadeIn\"><div><h4 class=\"timeline-item-title\"><\/h4><div class=\"timeline-item-content\">Viron kauppakamarin j\u00e4senyys (ECCI).<\/div><\/div><\/article><div class=\"timeline-date\"><h3 class=\"time-text font-weight-bold font-size-sm\">2008<\/h3><\/div><article class=\"timeline-box left\" data-appear-animation=\"fadeIn\"><div><h4 class=\"timeline-item-title\"><\/h4><div class=\"timeline-item-content\">Tallinnan tehdaslaajennus \u2013 uusien rakennusten hankinta, investoinnit maalauslinjaan sek\u00e4 hiekkapuhallukseen. Lis\u00e4ksi myyntiverkoston kasvattaminen ja valmistautuminen ISO 9000 standardin k\u00e4ytt\u00f6\u00f6nottoon.<\/div><\/div><\/article><div class=\"timeline-date\"><h3 class=\"time-text font-weight-bold font-size-sm\">2007<\/h3><\/div><article class=\"timeline-box right\" data-appear-animation=\"fadeIn\"><div><h4 class=\"timeline-item-title\"><\/h4><div class=\"timeline-item-content\">Myyntiverkoston kasvattaminen. T\u00e4ysi kapasiteetti k\u00e4yt\u00f6ss\u00e4 \u2013 85% projekteista t\u00e4ysin omaa tuotantoa.<\/div><\/div><\/article><div class=\"timeline-date\"><h3 class=\"time-text font-weight-bold font-size-sm\">2006<\/h3><\/div><article class=\"timeline-box left\" data-appear-animation=\"fadeIn\"><div><h4 class=\"timeline-item-title\"><\/h4><div class=\"timeline-item-content\">Eesti Masinat\u00f6\u00f6stuse Liit j\u00e4senyys.<\/div><\/div><\/article><div class=\"timeline-date\"><h3 class=\"time-text font-weight-bold font-size-sm\">2005-2006<\/h3><\/div><article class=\"timeline-box right\" data-appear-animation=\"fadeIn\"><div><h4 class=\"timeline-item-title\"><\/h4><div class=\"timeline-item-content\">Araveden tehtaan remontti. Yritys muuttui projektimyynti-yrityksest\u00e4 enemm\u00e4n valmistavaksi yritykseksi. Ty\u00f6ntekij\u00e4m\u00e4\u00e4r\u00e4 34 henkil\u00f6\u00e4, joista tuotannossa 23 henkil\u00f6\u00e4.<\/div><\/div><\/article><div class=\"timeline-date\"><h3 class=\"time-text font-weight-bold font-size-sm\">2005<\/h3><\/div><article class=\"timeline-box left\" data-appear-animation=\"fadeIn\"><div><h4 class=\"timeline-item-title\"><\/h4><div class=\"timeline-item-content\">Araveden tontin ja rakennusten hankinta.<\/div><\/div><\/article><div class=\"timeline-date\"><h3 class=\"time-text font-weight-bold font-size-sm\">2004-2006<\/h3><\/div><article class=\"timeline-box right\" data-appear-animation=\"fadeIn\"><div><h4 class=\"timeline-item-title\"><\/h4><div class=\"timeline-item-content\">Projekteja asennettuna.<\/div><\/div><\/article><div class=\"timeline-date\"><h3 class=\"time-text font-weight-bold font-size-sm\">2004<\/h3><\/div><article class=\"timeline-box left\" data-appear-animation=\"fadeIn\"><div><h4 class=\"timeline-item-title\"><\/h4><div class=\"timeline-item-content\">Ensimm\u00e4inen t\u00e4ysin oma projekti suunnittelusta asennukseen (BMH Technology Oy, Kuopio Energy).<\/div><\/div><\/article><div class=\"timeline-date\"><h3 class=\"time-text font-weight-bold font-size-sm\">2001-2004<\/h3><\/div><article class=\"timeline-box right\" data-appear-animation=\"fadeIn\"><div><h4 class=\"timeline-item-title\"><\/h4><div class=\"timeline-item-content\">Suomalaisten asiakkaiden tarjouspyynt\u00f6jen managerointi virolaisten tuottajien kesken.<\/div><\/div><\/article><div class=\"timeline-date\"><h3 class=\"time-text font-weight-bold font-size-sm\">2001<\/h3><\/div><article class=\"timeline-box left\" data-appear-animation=\"fadeIn\"><div><h4 class=\"timeline-item-title\"><\/h4><div class=\"timeline-item-content\">Yrityksen perustaminen.<\/div><\/div><\/article><\/div><\/section>[\/vc_column][\/vc_row]<\/p>\n","protected":false},"excerpt":{"rendered":"<p>[vc_row is_section=&#8221;yes&#8221; section_skin=&#8221;parallax&#8221; remove_margin_top=&#8221;yes&#8221; remove_margin_bottom=&#8221;yes&#8221; remove_border=&#8221;yes&#8221;][vc_column width=&#8221;5\/12&#8243; el_class=&#8221;order-md-2&#8243;][vc_single_image image=&#8221;6945&#8243; img_size=&#8221;full&#8221; alignment=&#8221;right&#8221; animation_delay=&#8221;100&#8243; animation_type=&#8221;fadeInRight&#8221; el_class=&#8221;mb-4&#8243;][\/vc_column][vc_column width=&#8221;7\/12&#8243;][vc_row_inner el_class=&#8221;overflow-hidden&#8221;][vc_column_inner][\/vc_column_inner][\/vc_row_inner][vc_column_text css_animation=&#8221;fadeInUp&#8221;]Terasman OU \u2013 ter\u00e4ksist\u00e4 valmistusta jo vuodesta 2001. Olemme ammattitaitoinen, nopea ja joustava konepaja l\u00e4hell\u00e4 Tallinnaa. Asiakkaitamme ovat t\u00e4ll\u00e4 hetkell\u00e4 Euroopan johtavat bulk-materiaalien k\u00e4sittelij\u00e4t sek\u00e4 erilaisten ter\u00e4srunkojen\/-ter\u00e4srakenteiden rakentajat. L\u00e4hes kaikki tuotteemme menev\u00e4t vientiin. Aloitimme pienen\u00e4 yrityksen\u00e4 2001 &#8211; valmistamalla [&hellip;]<\/p>\n","protected":false},"author":1,"featured_media":0,"parent":0,"menu_order":0,"comment_status":"closed","ping_status":"closed","template":"","meta":{"_acf_changed":false,"footnotes":""},"class_list":["post-8621","page","type-page","status-publish","hentry"],"acf":[],"_links":{"self":[{"href":"https:\/\/terasman.ee\/fi\/wp-json\/wp\/v2\/pages\/8621"}],"collection":[{"href":"https:\/\/terasman.ee\/fi\/wp-json\/wp\/v2\/pages"}],"about":[{"href":"https:\/\/terasman.ee\/fi\/wp-json\/wp\/v2\/types\/page"}],"author":[{"embeddable":true,"href":"https:\/\/terasman.ee\/fi\/wp-json\/wp\/v2\/users\/1"}],"replies":[{"embeddable":true,"href":"https:\/\/terasman.ee\/fi\/wp-json\/wp\/v2\/comments?post=8621"}],"version-history":[{"count":13,"href":"https:\/\/terasman.ee\/fi\/wp-json\/wp\/v2\/pages\/8621\/revisions"}],"predecessor-version":[{"id":8785,"href":"https:\/\/terasman.ee\/fi\/wp-json\/wp\/v2\/pages\/8621\/revisions\/8785"}],"wp:attachment":[{"href":"https:\/\/terasman.ee\/fi\/wp-json\/wp\/v2\/media?parent=8621"}],"curies":[{"name":"wp","href":"https:\/\/api.w.org\/{rel}","templated":true}]}}